{"id":1318,"date":"2021-11-20T11:20:47","date_gmt":"2021-11-20T16:20:47","guid":{"rendered":"https:\/\/paroissesaintremi2821.ca\/?page_id=1318"},"modified":"2021-11-22T22:42:30","modified_gmt":"2021-11-23T03:42:30","slug":"cpp","status":"publish","type":"page","link":"https:\/\/paroissesaintremi.ca\/?page_id=1318","title":{"rendered":"Conseil paroissial de pastorale"},"content":{"rendered":"<div id=\"pl-gb1318-69f4b957d238b\"  class=\"panel-layout\" ><div id=\"pg-gb1318-69f4b957d238b-0\"  class=\"panel-grid panel-no-style\" ><div id=\"pgc-gb1318-69f4b957d238b-0-0\"  class=\"panel-grid-cell\" ><div id=\"panel-gb1318-69f4b957d238b-0-0-0\" class=\"so-panel widget widget_text panel-first-child panel-last-child\" data-index=\"0\" >\t\t\t<div class=\"textwidget\"><p><strong><em>R\u00f4le :<\/em>\u00a0<\/strong>Selon le guide dioc\u00e9sain \u00e9mis en 2002, le Conseil paroissial de pastorale (CPP) est un groupe de chr\u00e9tiens et de chr\u00e9tiennes qui porte, avec le cur\u00e9 et l\u2019\u00e9quipe pastorale, le souci de la r\u00e9alisation de la mission de l\u2019\u00c9glise dans la paroisse.<\/p>\n<p><em><strong>Mission :<\/strong><\/em><strong>\u00a0<\/strong>Tous les aspects de la vie paroissiale int\u00e9ressent le CPP, m\u00eame s\u2019il n\u2019est pas d\u2019abord un comit\u00e9 d\u2019action, ni un \u00ab comit\u00e9 qui s\u2019occupe de tout \u00bb. Selon le dioc\u00e8se, le CPP est avant tout un groupe de r\u00e9flexion o\u00f9 des membres de la paroisse tant la\u00efques, hommes et femmes, que pr\u00eatres, agents et agentes de pastorale regardent ensemble la vie du milieu dans lequel la paroisse demeure et vit, pour y d\u00e9celer les besoins et les appels qui y sont inscrits. En tant que tel, il est un veilleur et un \u00e9veilleur qui discerne, propose, recommande et promet la vie paroissiale en vue de son \u00e9dification sur les quatre axes de la mission de l\u2019\u00c9glise : l\u2019\u00c9vangile et la Parole, la fraternit\u00e9, l\u2019engagement et la c\u00e9l\u00e9bration.\u00a0Le CPP se r\u00e9unit de 6 \u00e0 10 fois par ann\u00e9e, normalement un soir de semaine; ses r\u00e9unions g\u00e9n\u00e9ralement ne durent que deux heures. \u00c0 l\u2019occasion, les membres sont appel\u00e9s \u00e0 lire quelques brefs documents pr\u00e9paratoires.<\/p>\n<p><strong><em>Membres :<\/em>\u00a0<\/strong>\u00c0 Saint-Remi, les membres du CPP sont choisis parmi les b\u00e9n\u00e9voles qui seraient int\u00e9ress\u00e9s \u00e0 remplir ces fonctions.<\/p>\n<\/div>\n\t\t<\/div><\/div><\/div><\/div>","protected":false},"excerpt":{"rendered":"<p>R\u00f4le :\u00a0Selon le guide dioc\u00e9sain \u00e9mis en 2002, le Conseil paroissial de pastorale (CPP) est un groupe de chr\u00e9tiens et de chr\u00e9tiennes qui porte, avec le cur\u00e9 et l\u2019\u00e9quipe pastorale, le souci de la r\u00e9alisation de la mission de l\u2019\u00c9glise dans la paroisse. Mission :\u00a0Tous les aspects de la vie paroissiale int\u00e9ressent le CPP, m\u00eame s\u2019il n\u2019est pas d\u2019abord un comit\u00e9 d\u2019action, ni un \u00ab comit\u00e9 qui s\u2019occupe de tout \u00bb. Selon le dioc\u00e8se, le CPP est avant tout un groupe de r\u00e9flexion o\u00f9 des membres de la paroisse tant la\u00efques, hommes et femmes, que pr\u00eatres, agents et agentes de&#8230; <\/p>\n","protected":false},"author":2,"featured_media":0,"parent":0,"menu_order":0,"comment_status":"closed","ping_status":"closed","template":"","meta":{"_monsterinsights_skip_tracking":false,"_monsterinsights_sitenote_active":false,"_monsterinsights_sitenote_note":"","_monsterinsights_sitenote_category":0,"footnotes":""},"class_list":["post-1318","page","type-page","status-publish","hentry"],"_links":{"self":[{"href":"https:\/\/paroissesaintremi.ca\/index.php?rest_route=\/wp\/v2\/pages\/1318","targetHints":{"allow":["GET"]}}],"collection":[{"href":"https:\/\/paroissesaintremi.ca\/index.php?rest_route=\/wp\/v2\/pages"}],"about":[{"href":"https:\/\/paroissesaintremi.ca\/index.php?rest_route=\/wp\/v2\/types\/page"}],"author":[{"embeddable":true,"href":"https:\/\/paroissesaintremi.ca\/index.php?rest_route=\/wp\/v2\/users\/2"}],"replies":[{"embeddable":true,"href":"https:\/\/paroissesaintremi.ca\/index.php?rest_route=%2Fwp%2Fv2%2Fcomments&post=1318"}],"version-history":[{"count":5,"href":"https:\/\/paroissesaintremi.ca\/index.php?rest_route=\/wp\/v2\/pages\/1318\/revisions"}],"predecessor-version":[{"id":1384,"href":"https:\/\/paroissesaintremi.ca\/index.php?rest_route=\/wp\/v2\/pages\/1318\/revisions\/1384"}],"wp:attachment":[{"href":"https:\/\/paroissesaintremi.ca\/index.php?rest_route=%2Fwp%2Fv2%2Fmedia&parent=1318"}],"curies":[{"name":"wp","href":"https:\/\/api.w.org\/{rel}","templated":true}]}}