{"id":1334,"date":"2021-11-21T11:02:39","date_gmt":"2021-11-21T16:02:39","guid":{"rendered":"https:\/\/paroissesaintremi2821.ca\/?page_id=1334"},"modified":"2021-11-23T08:27:17","modified_gmt":"2021-11-23T13:27:17","slug":"pastorale-jeunesse","status":"publish","type":"page","link":"https:\/\/paroissesaintremi.ca\/?page_id=1334","title":{"rendered":"Pastorale jeunesse"},"content":{"rendered":"<div id=\"pl-gb1334-6a079f6d555b8\"  class=\"panel-layout\" ><div id=\"pg-gb1334-6a079f6d555b8-0\"  class=\"panel-grid panel-no-style\" ><div id=\"pgc-gb1334-6a079f6d555b8-0-0\"  class=\"panel-grid-cell\" ><div id=\"panel-gb1334-6a079f6d555b8-0-0-0\" class=\"so-panel widget widget_text panel-first-child panel-last-child\" data-index=\"0\" >\t\t\t<div class=\"textwidget\"><div class=\"moduleInner customModule\">\n<div class=\"moduleBody\">\n<p>Le saviez-vous? Une \u00e9quipe dynamique offre des activit\u00e9s pour les enfants (8 ans et +) et adolescents tous les dimanches de 10 h \u00e0 11 h au sous-sol de l\u2019\u00e9glise. Pour les enfants, une cat\u00e9ch\u00e8se vivante qui leur permet de mieux saisir de l\u2019int\u00e9rieur qui est Dieu; pour les adolescents, des moments de partage surprenants pour trouver Dieu au c\u0153ur de leur vie de tous les jours; pour tous, une belle occasion pour cr\u00e9er de nouvelles amiti\u00e9s et se d\u00e9couvrir comme les enfants profond\u00e9ment aim\u00e9s du P\u00e8re. Venez nous rencontrer!<\/p>\n<p>Pour nous contacter, veuillez \u00e9crire \u00e0 : <a href=\"mailto:pastoralejeunesse@paroissesaintremi.ca\">pastoralejeunesse@paroissesaintremi.ca<\/a><\/p>\n<p><strong><em>Formulaire d&rsquo;inscription aux activit\u00e9s\u00a0<\/em><\/strong>:\u00a0<a href=\"https:\/\/forms.gle\/Pc4U4ewnHC2Mpdue6\">https:\/\/forms.gle\/Pc4U4ewnHC2Mpdue6<\/a><\/p>\n<\/div>\n<\/div>\n<\/div>\n\t\t<\/div><\/div><\/div><\/div>","protected":false},"excerpt":{"rendered":"<p>Le saviez-vous? Une \u00e9quipe dynamique offre des activit\u00e9s pour les enfants (8 ans et +) et adolescents tous les dimanches de 10 h \u00e0 11 h au sous-sol de l\u2019\u00e9glise. Pour les enfants, une cat\u00e9ch\u00e8se vivante qui leur permet de mieux saisir de l\u2019int\u00e9rieur qui est Dieu; pour les adolescents, des moments de partage surprenants pour trouver Dieu au c\u0153ur de leur vie de tous les jours; pour tous, une belle occasion pour cr\u00e9er de nouvelles amiti\u00e9s et se d\u00e9couvrir comme les enfants profond\u00e9ment aim\u00e9s du P\u00e8re. Venez nous rencontrer! Pour nous contacter, veuillez \u00e9crire \u00e0 : pastoralejeunesse@paroissesaintremi.ca Formulaire d&rsquo;inscription&#8230; <\/p>\n","protected":false},"author":2,"featured_media":0,"parent":0,"menu_order":0,"comment_status":"closed","ping_status":"closed","template":"","meta":{"_monsterinsights_skip_tracking":false,"_monsterinsights_sitenote_active":false,"_monsterinsights_sitenote_note":"","_monsterinsights_sitenote_category":0,"footnotes":""},"class_list":["post-1334","page","type-page","status-publish","hentry"],"_links":{"self":[{"href":"https:\/\/paroissesaintremi.ca\/index.php?rest_route=\/wp\/v2\/pages\/1334","targetHints":{"allow":["GET"]}}],"collection":[{"href":"https:\/\/paroissesaintremi.ca\/index.php?rest_route=\/wp\/v2\/pages"}],"about":[{"href":"https:\/\/paroissesaintremi.ca\/index.php?rest_route=\/wp\/v2\/types\/page"}],"author":[{"embeddable":true,"href":"https:\/\/paroissesaintremi.ca\/index.php?rest_route=\/wp\/v2\/users\/2"}],"replies":[{"embeddable":true,"href":"https:\/\/paroissesaintremi.ca\/index.php?rest_route=%2Fwp%2Fv2%2Fcomments&post=1334"}],"version-history":[{"count":3,"href":"https:\/\/paroissesaintremi.ca\/index.php?rest_route=\/wp\/v2\/pages\/1334\/revisions"}],"predecessor-version":[{"id":1454,"href":"https:\/\/paroissesaintremi.ca\/index.php?rest_route=\/wp\/v2\/pages\/1334\/revisions\/1454"}],"wp:attachment":[{"href":"https:\/\/paroissesaintremi.ca\/index.php?rest_route=%2Fwp%2Fv2%2Fmedia&parent=1334"}],"curies":[{"name":"wp","href":"https:\/\/api.w.org\/{rel}","templated":true}]}}