{"id":2017,"date":"2023-05-14T09:54:17","date_gmt":"2023-05-14T13:54:17","guid":{"rendered":"https:\/\/paroissesaintremi.ca\/?page_id=2017"},"modified":"2023-05-14T09:54:19","modified_gmt":"2023-05-14T13:54:19","slug":"evenements-2023-paques","status":"publish","type":"page","link":"https:\/\/paroissesaintremi.ca\/?page_id=2017","title":{"rendered":"\u00c9v\u00e9nements 2023 &#8211; P\u00e2ques"},"content":{"rendered":"<div class=\"n2-section-smartslider fitvidsignore  n2_clear\" data-ssid=\"12\"><div id=\"n2-ss-12-align\" class=\"n2-ss-align\"><div class=\"n2-padding\"><div id=\"n2-ss-12\" data-creator=\"Smart Slider 3\" data-responsive=\"auto\" class=\"n2-ss-slider n2-ow n2-has-hover n2notransition  \">\n\n\n\n\n\n\n\n\n\n\n\n\n\n\n\n\n\n<div class=\"n2-ss-slider-wrapper-outside\" style=\"grid-template-rows:1fr auto\"><div class=\"n2-ss-slider-wrapper-inside\">\n        <div class=\"n2-ss-slider-1 n2_ss__touch_element n2-ow\">\n            <div class=\"n2-ss-slider-2 n2-ow\">\n                                                <div class=\"n2-ss-slider-3 n2-ow\">\n\n                    <div class=\"n2-ss-slide-backgrounds n2-ow-all\"><div class=\"n2-ss-slide-background\" data-public-id=\"1\" data-mode=\"fill\"><div class=\"n2-ss-slide-background-image\" data-blur=\"0\" data-opacity=\"100\" data-x=\"50\" data-y=\"50\" data-alt=\"\" data-title=\"\"><picture class=\"skip-lazy\" data-skip-lazy=\"1\"><img decoding=\"async\" src=\"\/\/paroissesaintremi.ca\/wp-content\/uploads\/slider12\/Paques2023-10.jpeg\" alt=\"\" title=\"\" loading=\"lazy\" class=\"skip-lazy\" data-skip-lazy=\"1\"><\/picture><\/div><div data-color=\"RGBA(255,255,255,0)\" style=\"background-color: RGBA(255,255,255,0);\" class=\"n2-ss-slide-background-color\"><\/div><\/div><div class=\"n2-ss-slide-background\" data-public-id=\"2\" data-mode=\"fill\" aria-hidden=\"true\"><div class=\"n2-ss-slide-background-image\" data-blur=\"0\" data-opacity=\"100\" data-x=\"50\" data-y=\"50\" data-alt=\"\" data-title=\"\"><picture class=\"skip-lazy\" data-skip-lazy=\"1\"><img decoding=\"async\" src=\"\/\/paroissesaintremi.ca\/wp-content\/uploads\/slider12\/Paques2023-2.jpeg\" alt=\"\" title=\"\" loading=\"lazy\" class=\"skip-lazy\" data-skip-lazy=\"1\"><\/picture><\/div><div data-color=\"RGBA(255,255,255,0)\" style=\"background-color: RGBA(255,255,255,0);\" class=\"n2-ss-slide-background-color\"><\/div><\/div><div class=\"n2-ss-slide-background\" data-public-id=\"3\" data-mode=\"fill\" aria-hidden=\"true\"><div class=\"n2-ss-slide-background-image\" data-blur=\"0\" data-opacity=\"100\" data-x=\"50\" data-y=\"50\" data-alt=\"\" data-title=\"\"><picture class=\"skip-lazy\" data-skip-lazy=\"1\"><img decoding=\"async\" src=\"\/\/paroissesaintremi.ca\/wp-content\/uploads\/slider12\/Paques2023-3.jpeg\" alt=\"\" title=\"\" loading=\"lazy\" class=\"skip-lazy\" data-skip-lazy=\"1\"><\/picture><\/div><div data-color=\"RGBA(255,255,255,0)\" style=\"background-color: RGBA(255,255,255,0);\" class=\"n2-ss-slide-background-color\"><\/div><\/div><div class=\"n2-ss-slide-background\" data-public-id=\"4\" data-mode=\"fill\" aria-hidden=\"true\"><div class=\"n2-ss-slide-background-image\" data-blur=\"0\" data-opacity=\"100\" data-x=\"50\" data-y=\"50\" data-alt=\"\" data-title=\"\"><picture class=\"skip-lazy\" data-skip-lazy=\"1\"><img decoding=\"async\" src=\"\/\/paroissesaintremi.ca\/wp-content\/uploads\/slider12\/Paques2023-9.jpeg\" alt=\"\" title=\"\" loading=\"lazy\" class=\"skip-lazy\" data-skip-lazy=\"1\"><\/picture><\/div><div data-color=\"RGBA(255,255,255,0)\" style=\"background-color: RGBA(255,255,255,0);\" class=\"n2-ss-slide-background-color\"><\/div><\/div><div class=\"n2-ss-slide-background\" data-public-id=\"5\" data-mode=\"fill\" aria-hidden=\"true\"><div class=\"n2-ss-slide-background-image\" data-blur=\"0\" data-opacity=\"100\" data-x=\"50\" data-y=\"50\" data-alt=\"\" data-title=\"\"><picture class=\"skip-lazy\" data-skip-lazy=\"1\"><img decoding=\"async\" src=\"\/\/paroissesaintremi.ca\/wp-content\/uploads\/slider12\/Paques2023-11.jpeg\" alt=\"\" title=\"\" loading=\"lazy\" class=\"skip-lazy\" data-skip-lazy=\"1\"><\/picture><\/div><div data-color=\"RGBA(255,255,255,0)\" style=\"background-color: RGBA(255,255,255,0);\" class=\"n2-ss-slide-background-color\"><\/div><\/div><div class=\"n2-ss-slide-background\" data-public-id=\"6\" data-mode=\"fill\" aria-hidden=\"true\"><div class=\"n2-ss-slide-background-image\" data-blur=\"0\" data-opacity=\"100\" data-x=\"50\" data-y=\"50\" data-alt=\"\" data-title=\"\"><picture class=\"skip-lazy\" data-skip-lazy=\"1\"><img decoding=\"async\" src=\"\/\/paroissesaintremi.ca\/wp-content\/uploads\/slider12\/Paques2023-6.jpeg\" alt=\"\" title=\"\" loading=\"lazy\" class=\"skip-lazy\" data-skip-lazy=\"1\"><\/picture><\/div><div data-color=\"RGBA(255,255,255,0)\" style=\"background-color: RGBA(255,255,255,0);\" class=\"n2-ss-slide-background-color\"><\/div><\/div><div class=\"n2-ss-slide-background\" data-public-id=\"7\" data-mode=\"fill\" aria-hidden=\"true\"><div class=\"n2-ss-slide-background-image\" data-blur=\"0\" data-opacity=\"100\" data-x=\"50\" data-y=\"50\" data-alt=\"\" data-title=\"\"><picture class=\"skip-lazy\" data-skip-lazy=\"1\"><img decoding=\"async\" src=\"\/\/paroissesaintremi.ca\/wp-content\/uploads\/slider12\/Paques2023-8.jpeg\" alt=\"\" title=\"\" loading=\"lazy\" class=\"skip-lazy\" data-skip-lazy=\"1\"><\/picture><\/div><div data-color=\"RGBA(255,255,255,0)\" style=\"background-color: RGBA(255,255,255,0);\" class=\"n2-ss-slide-background-color\"><\/div><\/div><div class=\"n2-ss-slide-background\" data-public-id=\"8\" data-mode=\"fill\" aria-hidden=\"true\"><div class=\"n2-ss-slide-background-image\" data-blur=\"0\" data-opacity=\"100\" data-x=\"50\" data-y=\"50\" data-alt=\"\" data-title=\"\"><picture class=\"skip-lazy\" data-skip-lazy=\"1\"><img decoding=\"async\" src=\"\/\/paroissesaintremi.ca\/wp-content\/uploads\/slider12\/Paques2023-12.jpeg\" alt=\"\" title=\"\" loading=\"lazy\" class=\"skip-lazy\" data-skip-lazy=\"1\"><\/picture><\/div><div data-color=\"RGBA(255,255,255,0)\" style=\"background-color: RGBA(255,255,255,0);\" class=\"n2-ss-slide-background-color\"><\/div><\/div><\/div>                    <div class=\"n2-ss-slider-4 n2-ow\">\n                        <svg xmlns=\"http:\/\/www.w3.org\/2000\/svg\" viewBox=\"0 0 600 600\" data-related-device=\"desktopPortrait\" class=\"n2-ow n2-ss-preserve-size n2-ss-preserve-size--slider n2-ss-slide-limiter\"><\/svg><div data-first=\"1\" data-slide-duration=\"0\" data-id=\"95\" data-slide-public-id=\"1\" data-title=\"Paques2023-10\" class=\"n2-ss-slide n2-ow  n2-ss-slide-95\"><div role=\"note\" class=\"n2-ss-slide--focus\" tabindex=\"-1\">Paques2023-10<\/div><div class=\"n2-ss-layers-container n2-ss-slide-limiter n2-ow\"><div class=\"n2-ss-layer n2-ow n-uc-kmCBSpUZyR3X\" data-sstype=\"slide\" data-pm=\"default\"><\/div><\/div><\/div><div data-slide-duration=\"0\" data-id=\"96\" data-slide-public-id=\"2\" aria-hidden=\"true\" data-title=\"Paques2023-2\" class=\"n2-ss-slide n2-ow  n2-ss-slide-96\"><div role=\"note\" class=\"n2-ss-slide--focus\" tabindex=\"-1\">Paques2023-2<\/div><div class=\"n2-ss-layers-container n2-ss-slide-limiter n2-ow\"><div class=\"n2-ss-layer n2-ow n-uc-5flR26tF1B53\" data-sstype=\"slide\" data-pm=\"default\"><\/div><\/div><\/div><div data-slide-duration=\"0\" data-id=\"97\" data-slide-public-id=\"3\" aria-hidden=\"true\" data-title=\"Paques2023-3\" class=\"n2-ss-slide n2-ow  n2-ss-slide-97\"><div role=\"note\" class=\"n2-ss-slide--focus\" tabindex=\"-1\">Paques2023-3<\/div><div class=\"n2-ss-layers-container n2-ss-slide-limiter n2-ow\"><div class=\"n2-ss-layer n2-ow n-uc-GwTwyJkSSpMR\" data-sstype=\"slide\" data-pm=\"default\"><\/div><\/div><\/div><div data-slide-duration=\"0\" data-id=\"100\" data-slide-public-id=\"4\" aria-hidden=\"true\" data-title=\"Paques2023-9\" class=\"n2-ss-slide n2-ow  n2-ss-slide-100\"><div role=\"note\" class=\"n2-ss-slide--focus\" tabindex=\"-1\">Paques2023-9<\/div><div class=\"n2-ss-layers-container n2-ss-slide-limiter n2-ow\"><div class=\"n2-ss-layer n2-ow n-uc-9OudbRIunNs2\" data-sstype=\"slide\" data-pm=\"default\"><\/div><\/div><\/div><div data-slide-duration=\"0\" data-id=\"101\" data-slide-public-id=\"5\" aria-hidden=\"true\" data-title=\"Paques2023-11\" class=\"n2-ss-slide n2-ow  n2-ss-slide-101\"><div role=\"note\" class=\"n2-ss-slide--focus\" tabindex=\"-1\">Paques2023-11<\/div><div class=\"n2-ss-layers-container n2-ss-slide-limiter n2-ow\"><div class=\"n2-ss-layer n2-ow n-uc-I1a6WMAbLlIA\" data-sstype=\"slide\" data-pm=\"default\"><\/div><\/div><\/div><div data-slide-duration=\"0\" data-id=\"98\" data-slide-public-id=\"6\" aria-hidden=\"true\" data-title=\"Paques2023-6\" class=\"n2-ss-slide n2-ow  n2-ss-slide-98\"><div role=\"note\" class=\"n2-ss-slide--focus\" tabindex=\"-1\">Paques2023-6<\/div><div class=\"n2-ss-layers-container n2-ss-slide-limiter n2-ow\"><div class=\"n2-ss-layer n2-ow n-uc-yEG7nlzNimyf\" data-sstype=\"slide\" data-pm=\"default\"><\/div><\/div><\/div><div data-slide-duration=\"0\" data-id=\"99\" data-slide-public-id=\"7\" aria-hidden=\"true\" data-title=\"Paques2023-8\" class=\"n2-ss-slide n2-ow  n2-ss-slide-99\"><div role=\"note\" class=\"n2-ss-slide--focus\" tabindex=\"-1\">Paques2023-8<\/div><div class=\"n2-ss-layers-container n2-ss-slide-limiter n2-ow\"><div class=\"n2-ss-layer n2-ow n-uc-3hlI1ASaisI9\" data-sstype=\"slide\" data-pm=\"default\"><\/div><\/div><\/div><div data-slide-duration=\"0\" data-id=\"102\" data-slide-public-id=\"8\" aria-hidden=\"true\" data-title=\"Paques2023-12\" class=\"n2-ss-slide n2-ow  n2-ss-slide-102\"><div role=\"note\" class=\"n2-ss-slide--focus\" tabindex=\"-1\">Paques2023-12<\/div><div class=\"n2-ss-layers-container n2-ss-slide-limiter n2-ow\"><div class=\"n2-ss-layer n2-ow n-uc-3RpvcM4VktTv\" data-sstype=\"slide\" data-pm=\"default\"><\/div><\/div><\/div>                    <\/div>\n\n                                    <\/div>\n            <\/div>\n        <\/div>\n        <div class=\"n2-ss-slider-controls n2-ss-slider-controls-absolute-right-top\"><div style=\"--widget-offset:15px;\" class=\"n2-ss-widget n2-style-f17ddbf2d8ed14421f9093b94b93b8a9-heading nextend-autoplay n2-ow-all nextend-autoplay-image\" role=\"button\" aria-label=\"D\u00e9marrage automatique\" data-pause-label=\"Pause d\u00e9marrage automatique\" data-play-label=\"D\u00e9marrage automatique\" tabindex=\"0\"><img loading=\"lazy\" decoding=\"async\" width=\"16\" height=\"16\" class=\"nextend-autoplay-play skip-lazy\" data-skip-lazy=\"1\" src=\"data:image\/svg+xml;base64,PHN2ZyB3aWR0aD0iMTYiIGhlaWdodD0iMTYiIHZpZXdCb3g9IjAgMCAxNiAxNiIgeG1sbnM9Imh0dHA6Ly93d3cudzMub3JnLzIwMDAvc3ZnIj4KICAgIDxwYXRoIGQ9Ik0xMS41OCA3LjAzTDUuMzAyIDIuMTY1QzUuMTY1IDIuMDU3IDUuMDE2IDIgNC44NTcgMiA0LjM4NCAyIDQgMi41MDQgNCAzLjEyNXY5Ljc1YzAgLjYyLjM4NCAxLjEyNS44NTcgMS4xMjUuMTYgMCAuMzA4LS4wNTcuNDM2LS4xNTZMMTEuNTggOC45N2MuMjUtLjE5OC40Mi0uNTU4LjQyLS45NyAwLS40MTItLjE3LS43NzMtLjQyLS45N3oiCiAgICAgICAgICBmaWxsPSIjZmZmZmZmIiBvcGFjaXR5PSIwLjgiIGZpbGwtcnVsZT0iZXZlbm9kZCIvPgo8L3N2Zz4=\" alt=\"Play\"><img loading=\"lazy\" decoding=\"async\" width=\"16\" height=\"16\" class=\"nextend-autoplay-pause skip-lazy\" data-skip-lazy=\"1\" src=\"data:image\/svg+xml;base64,PHN2ZyB3aWR0aD0iMTYiIGhlaWdodD0iMTYiIHZpZXdCb3g9IjAgMCAxNiAxNiIgeG1sbnM9Imh0dHA6Ly93d3cudzMub3JnLzIwMDAvc3ZnIj4KICAgIDxwYXRoIGQ9Ik00IDJ2MTJoM1YySDR6bTUgMHYxMmgzVjJIOXoiIGZpbGw9IiNmZmZmZmYiIG9wYWNpdHk9IjAuOCIgZmlsbC1ydWxlPSJldmVub2RkIi8+Cjwvc3ZnPg==\" alt=\"Pause\"><\/div><\/div><div class=\"n2-ss-slider-controls n2-ss-slider-controls-absolute-left-center\"><div style=\"--widget-offset:15px;\" class=\"n2-ss-widget n2-style-107cb0e4b96e295f0c4852cfc0854d07-heading nextend-arrow n2-ow-all nextend-arrow-previous  nextend-arrow-animated-fade\" data-hide-mobileportrait=\"1\" id=\"n2-ss-12-arrow-previous\" role=\"button\" aria-label=\"previous arrow\" tabindex=\"0\"><img loading=\"lazy\" decoding=\"async\" width=\"32\" height=\"32\" class=\"skip-lazy\" data-skip-lazy=\"1\" src=\"data:image\/svg+xml;base64,PHN2ZyB4bWxucz0iaHR0cDovL3d3dy53My5vcmcvMjAwMC9zdmciIHdpZHRoPSIzMiIgaGVpZ2h0PSIzMiIgdmlld0JveD0iMCAwIDMyIDMyIj4KICAgIDxwYXRoIGZpbGw9IiNmZmZmZmYiIG9wYWNpdHk9IjAuOCIgZmlsbC1ydWxlPSJldmVub2RkIgogICAgICAgICAgZD0iTTE4Ljk5NTggOC45OTA3YzAtLjQyNC0uMjA0LS43MjMtLjYxLS44OTgtLjQwOS0uMTczLS43NzItLjEwNC0xLjA5My4yMDlsLTcuMDA2IDYuOTc1Yy0uMjAxLjE5OS0uMjk3LjQzNy0uMjg2LjcxNiAwIC4yNjcuMDk2LjQ5OC4yODYuNjg5bDcuMDA2IDcuMDAxYy4zMjEuMzIxLjY4NC4zODkgMS4wOTMuMjA5LjQwNi0uMTc0LjYxLS40ODIuNjEtLjkyMlY4Ljk5MDd6Ii8+Cjwvc3ZnPg==\" alt=\"previous arrow\"><\/div><\/div><div class=\"n2-ss-slider-controls n2-ss-slider-controls-absolute-right-center\"><div style=\"--widget-offset:15px;\" class=\"n2-ss-widget n2-style-107cb0e4b96e295f0c4852cfc0854d07-heading nextend-arrow n2-ow-all nextend-arrow-next  nextend-arrow-animated-fade\" data-hide-mobileportrait=\"1\" id=\"n2-ss-12-arrow-next\" role=\"button\" aria-label=\"next arrow\" tabindex=\"0\"><img loading=\"lazy\" decoding=\"async\" width=\"32\" height=\"32\" class=\"skip-lazy\" data-skip-lazy=\"1\" src=\"data:image\/svg+xml;base64,PHN2ZyB3aWR0aD0iMzIiIGhlaWdodD0iMzIiIHZpZXdCb3g9IjAgMCAzMiAzMiIgeG1sbnM9Imh0dHA6Ly93d3cudzMub3JnLzIwMDAvc3ZnIj4KICAgIDxwYXRoIGQ9Ik0xMiA4Ljk5YzAtLjQyMy4yMDQtLjcyMi42MS0uODk3LjQwOC0uMTczLjc3Mi0uMTA0IDEuMDkyLjIxbDcuMDA2IDYuOTc0Yy4yMDIuMi4yOTguNDM3LjI4Ny43MTYgMCAuMjY3LS4wOTYuNDk4LS4yODcuNjlsLTcuMDA2IDdjLS4zMi4zMi0uNjg0LjM5LTEuMDkyLjIxLS40MDYtLjE3NS0uNjEtLjQ4My0uNjEtLjkyM1Y4Ljk5eiIKICAgICAgICAgIGZpbGw9IiNmZmZmZmYiIG9wYWNpdHk9IjAuOCIgZmlsbC1ydWxlPSJldmVub2RkIi8+Cjwvc3ZnPg==\" alt=\"next arrow\"><\/div><\/div><div class=\"n2-ss-slider-controls n2-ss-slider-controls-absolute-center-bottom\"><div style=\"--widget-offset:10px;\" class=\"n2-ss-widget n2-ss-control-bullet n2-ow-all n2-ss-control-bullet-horizontal\"><div class=\" nextend-bullet-bar n2-bar-justify-content-center\" role=\"group\" aria-label=\"Choose slide to display.\"><div class=\"n2-bullet n2-style-785355f374be86c332d4665aae819858-dot \" style=\"visibility:hidden;\"><\/div><\/div><\/div><\/div><\/div><div class=\"n2-ss-slider-controls n2-ss-slider-controls-below\"><div data-width-percent=\"100\" class=\"n2-ss-widget nextend-thumbnail nextend-thumbnail-default nextend-thumbnail-horizontal n2-ow-all\" data-hide-mobileportrait=\"1\" style=\"width:100%;\" data-has-next=\"0\" data-has-previous=\"0\"><div class=\"nextend-thumbnail-inner n2-style-f58d52632d016e4532dc73de3ceef8d2-simple \"><div class=\"nextend-thumbnail-scroller n2-align-content-start\" style=\"grid-template-rows:repeat(1, 1fr)\"><div class=\"n2-thumbnail-dot n2-style-8ad5048b81c3c254e5a4ea951ba18f46-dot \" data-slide-public-id=\"1\" role=\"button\" aria-label=\"Paques2023-10\" tabindex=\"0\"><picture class=\"skip-lazy\" data-skip-lazy=\"1\"><img decoding=\"async\" alt=\"Paques2023-10\" src=\"\/\/paroissesaintremi.ca\/wp-content\/uploads\/slider12\/Paques2023-10.jpeg\" width=\"100\" height=\"60\" loading=\"lazy\" class=\"skip-lazy\" data-skip-lazy=\"1\" \/><\/picture><\/div><div class=\"n2-thumbnail-dot n2-style-8ad5048b81c3c254e5a4ea951ba18f46-dot \" data-slide-public-id=\"2\" role=\"button\" aria-label=\"Paques2023-2\" tabindex=\"0\"><picture class=\"skip-lazy\" data-skip-lazy=\"1\"><img decoding=\"async\" alt=\"Paques2023-2\" src=\"\/\/paroissesaintremi.ca\/wp-content\/uploads\/slider12\/Paques2023-2.jpeg\" width=\"100\" height=\"60\" loading=\"lazy\" class=\"skip-lazy\" data-skip-lazy=\"1\" \/><\/picture><\/div><div class=\"n2-thumbnail-dot n2-style-8ad5048b81c3c254e5a4ea951ba18f46-dot \" data-slide-public-id=\"3\" role=\"button\" aria-label=\"Paques2023-3\" tabindex=\"0\"><picture class=\"skip-lazy\" data-skip-lazy=\"1\"><img decoding=\"async\" alt=\"Paques2023-3\" src=\"\/\/paroissesaintremi.ca\/wp-content\/uploads\/slider12\/Paques2023-3.jpeg\" width=\"100\" height=\"60\" loading=\"lazy\" class=\"skip-lazy\" data-skip-lazy=\"1\" \/><\/picture><\/div><div class=\"n2-thumbnail-dot n2-style-8ad5048b81c3c254e5a4ea951ba18f46-dot \" data-slide-public-id=\"4\" role=\"button\" aria-label=\"Paques2023-9\" tabindex=\"0\"><picture class=\"skip-lazy\" data-skip-lazy=\"1\"><img decoding=\"async\" alt=\"Paques2023-9\" src=\"\/\/paroissesaintremi.ca\/wp-content\/uploads\/slider12\/Paques2023-9.jpeg\" width=\"100\" height=\"60\" loading=\"lazy\" class=\"skip-lazy\" data-skip-lazy=\"1\" \/><\/picture><\/div><div class=\"n2-thumbnail-dot n2-style-8ad5048b81c3c254e5a4ea951ba18f46-dot \" data-slide-public-id=\"5\" role=\"button\" aria-label=\"Paques2023-11\" tabindex=\"0\"><picture class=\"skip-lazy\" data-skip-lazy=\"1\"><img decoding=\"async\" alt=\"Paques2023-11\" src=\"\/\/paroissesaintremi.ca\/wp-content\/uploads\/slider12\/Paques2023-11.jpeg\" width=\"100\" height=\"60\" loading=\"lazy\" class=\"skip-lazy\" data-skip-lazy=\"1\" \/><\/picture><\/div><div class=\"n2-thumbnail-dot n2-style-8ad5048b81c3c254e5a4ea951ba18f46-dot \" data-slide-public-id=\"6\" role=\"button\" aria-label=\"Paques2023-6\" tabindex=\"0\"><picture class=\"skip-lazy\" data-skip-lazy=\"1\"><img decoding=\"async\" alt=\"Paques2023-6\" src=\"\/\/paroissesaintremi.ca\/wp-content\/uploads\/slider12\/Paques2023-6.jpeg\" width=\"100\" height=\"60\" loading=\"lazy\" class=\"skip-lazy\" data-skip-lazy=\"1\" \/><\/picture><\/div><div class=\"n2-thumbnail-dot n2-style-8ad5048b81c3c254e5a4ea951ba18f46-dot \" data-slide-public-id=\"7\" role=\"button\" aria-label=\"Paques2023-8\" tabindex=\"0\"><picture class=\"skip-lazy\" data-skip-lazy=\"1\"><img decoding=\"async\" alt=\"Paques2023-8\" src=\"\/\/paroissesaintremi.ca\/wp-content\/uploads\/slider12\/Paques2023-8.jpeg\" width=\"100\" height=\"60\" loading=\"lazy\" class=\"skip-lazy\" data-skip-lazy=\"1\" \/><\/picture><\/div><div class=\"n2-thumbnail-dot n2-style-8ad5048b81c3c254e5a4ea951ba18f46-dot \" data-slide-public-id=\"8\" role=\"button\" aria-label=\"Paques2023-12\" tabindex=\"0\"><picture class=\"skip-lazy\" data-skip-lazy=\"1\"><img decoding=\"async\" alt=\"Paques2023-12\" src=\"\/\/paroissesaintremi.ca\/wp-content\/uploads\/slider12\/Paques2023-12.jpeg\" width=\"100\" height=\"60\" loading=\"lazy\" class=\"skip-lazy\" data-skip-lazy=\"1\" \/><\/picture><\/div><\/div><\/div><div class=\"nextend-thumbnail-button nextend-thumbnail-previous\"><img decoding=\"async\" width=\"26\" height=\"26\" style=\"width:26px;transform:rotateZ(-90deg);\" loading=\"lazy\" class=\"skip-lazy\" data-skip-lazy=\"1\" src=\"data:image\/svg+xml;base64,PHN2ZyB3aWR0aD0iMjYiIGhlaWdodD0iMjYiIHhtbG5zPSJodHRwOi8vd3d3LnczLm9yZy8yMDAwL3N2ZyI+CiAgICA8ZyBmaWxsPSJub25lIiBmaWxsLXJ1bGU9ImV2ZW5vZGQiPgogICAgICAgIDxjaXJjbGUgc3Ryb2tlPSIjZmZmIiBzdHJva2Utd2lkdGg9IjIiIG9wYWNpdHk9Ii41IiBmaWxsPSIjMDAwIiBjeD0iMTMiIGN5PSIxMyIgcj0iMTIiLz4KICAgICAgICA8cGF0aCBkPSJNMTMuNDM1IDkuMTc4Yy0uMTI2LS4xMjEtLjI3LS4xODItLjQzNi0uMTgyLS4xNjQgMC0uMzA2LjA2MS0uNDI4LjE4MmwtNC4zOCA0LjE3NWMtLjEyNi4xMjEtLjE4OC4yNjItLjE4OC40MjQgMCAuMTYxLjA2Mi4zMDIuMTg4LjQyM2wuNjUuNjIyYy4xMjYuMTIxLjI3My4xODIuNDQxLjE4Mi4xNyAwIC4zMTQtLjA2MS40MzYtLjE4MmwzLjMxNC0zLjE2MSAzLjI0OSAzLjE2MWMuMTI2LjEyMS4yNjkuMTgyLjQzMi4xODIuMTY0IDAgLjMwNy0uMDYxLjQzMy0uMTgybC42NjItLjYyMmMuMTI2LS4xMjEuMTg5LS4yNjIuMTg5LS40MjMgMC0uMTYyLS4wNjMtLjMwMy0uMTg5LS40MjRsLTQuMzczLTQuMTc1eiIKICAgICAgICAgICAgICBmaWxsPSIjZmZmIi8+CiAgICA8L2c+Cjwvc3ZnPg==\" alt=\"previous arrow\"><\/div><div class=\"nextend-thumbnail-button nextend-thumbnail-next\"><img decoding=\"async\" width=\"26\" height=\"26\" style=\"width:26px;transform:rotateZ(-90deg);\" loading=\"lazy\" class=\"skip-lazy\" data-skip-lazy=\"1\" src=\"data:image\/svg+xml;base64,PHN2ZyB4bWxucz0iaHR0cDovL3d3dy53My5vcmcvMjAwMC9zdmciIHdpZHRoPSIyNiIgaGVpZ2h0PSIyNiI+CiAgICA8ZyBmaWxsPSJub25lIj4KICAgICAgICA8Y2lyY2xlIGN4PSIxMyIgY3k9IjEzIiByPSIxMiIgZmlsbD0iIzAwMCIgc3Ryb2tlPSIjZmZmIiBzdHJva2Utd2lkdGg9IjIiIG9wYWNpdHk9Ii41Ii8+CiAgICAgICAgPHBhdGggZmlsbD0iI2ZmZiIKICAgICAgICAgICAgICBkPSJNMTIuNTY1IDE2LjgyMmMuMTI2LjEyLjI3LjE4Mi40MzYuMTgyLjE2OCAwIC4zMS0uMDYuNDMtLjE4Mmw0LjM4LTQuMTc1Yy4xMjgtLjEyLjE5LS4yNjIuMTktLjQyNCAwLS4xNi0uMDYyLS4zMDItLjE5LS40MjNsLS42NS0uNjIyYy0uMTI1LS4xMi0uMjcyLS4xODItLjQ0LS4xODItLjE3IDAtLjMxNC4wNi0uNDM2LjE4MmwtMy4zMTQgMy4xNi0zLjI1LTMuMTZjLS4xMjYtLjEyLS4yNy0uMTgyLS40My0uMTgyLS4xNjYgMC0uMzEuMDYtLjQzNS4xODJsLS42NjIuNjIyYy0uMTI2LjEyLS4xOS4yNjItLjE5LjQyMyAwIC4xNjIuMDY0LjMwMy4xOS40MjRsNC4zNzMgNC4xNzV6Ii8+CiAgICA8L2c+Cjwvc3ZnPg==\" alt=\"next arrow\"><\/div><\/div><div class=\"n2-ss-widget nextend-shadow n2-ow-all\" data-hide-mobileportrait=\"1\"><img decoding=\"async\" width=\"1120\" height=\"50\" style=\"display: block; width:100%;max-width:none;\" class=\"nextend-shadow-image skip-lazy\" loading=\"lazy\" data-skip-lazy=\"1\" src=\"https:\/\/paroissesaintremi.ca\/wp-content\/plugins\/smart-slider-3\/Public\/SmartSlider3\/Widget\/Shadow\/ShadowImage\/Assets\/shadow\/dark.png\" alt=\"Shadow\"><\/div><\/div><\/div><\/div><ss3-loader><\/ss3-loader><\/div><\/div><div class=\"n2_clear\"><\/div><\/div>","protected":false},"excerpt":{"rendered":"","protected":false},"author":2,"featured_media":0,"parent":0,"menu_order":0,"comment_status":"closed","ping_status":"closed","template":"","meta":{"_monsterinsights_skip_tracking":false,"_monsterinsights_sitenote_active":false,"_monsterinsights_sitenote_note":"","_monsterinsights_sitenote_category":0,"footnotes":""},"class_list":["post-2017","page","type-page","status-publish","hentry"],"_links":{"self":[{"href":"https:\/\/paroissesaintremi.ca\/index.php?rest_route=\/wp\/v2\/pages\/2017","targetHints":{"allow":["GET"]}}],"collection":[{"href":"https:\/\/paroissesaintremi.ca\/index.php?rest_route=\/wp\/v2\/pages"}],"about":[{"href":"https:\/\/paroissesaintremi.ca\/index.php?rest_route=\/wp\/v2\/types\/page"}],"author":[{"embeddable":true,"href":"https:\/\/paroissesaintremi.ca\/index.php?rest_route=\/wp\/v2\/users\/2"}],"replies":[{"embeddable":true,"href":"https:\/\/paroissesaintremi.ca\/index.php?rest_route=%2Fwp%2Fv2%2Fcomments&post=2017"}],"version-history":[{"count":1,"href":"https:\/\/paroissesaintremi.ca\/index.php?rest_route=\/wp\/v2\/pages\/2017\/revisions"}],"predecessor-version":[{"id":2018,"href":"https:\/\/paroissesaintremi.ca\/index.php?rest_route=\/wp\/v2\/pages\/2017\/revisions\/2018"}],"wp:attachment":[{"href":"https:\/\/paroissesaintremi.ca\/index.php?rest_route=%2Fwp%2Fv2%2Fmedia&parent=2017"}],"curies":[{"name":"wp","href":"https:\/\/api.w.org\/{rel}","templated":true}]}}