{"id":2453,"date":"2024-01-13T12:11:59","date_gmt":"2024-01-13T17:11:59","guid":{"rendered":"https:\/\/paroissesaintremi.ca\/?page_id=2453"},"modified":"2024-01-13T12:13:31","modified_gmt":"2024-01-13T17:13:31","slug":"terminons-lannee-2023-dans-la-gratitude-et-lesperance","status":"publish","type":"page","link":"https:\/\/paroissesaintremi.ca\/?page_id=2453","title":{"rendered":"Terminons l&rsquo;ann\u00e9e 2023 dans la gratitude et l&rsquo;esp\u00e9rance"},"content":{"rendered":"\n<p>\u00c7a fait quelques jours que j\u2019y pense. Quels mots utiliser pour rendre<br>gr\u00e2ce au Seigneur des beaux moments v\u00e9cus au sein de la paroisse au cours<br>de cette ann\u00e9e jubilaire?<br><\/p>\n\n\n\n<p>Le 22 janvier 2023, l&rsquo;abb\u00e9 Jacques donnait le coup d&rsquo;envoi aux c\u00e9l\u00e9brations<br>pour marquer le 60e anniversaire de la fondation de la paroisse Saint-Remi.<br>Un comit\u00e9 compos\u00e9 de onze b\u00e9n\u00e9voles de la paroisse s&rsquo;est solidement engag\u00e9<br>pour organiser des c\u00e9l\u00e9brations et des activit\u00e9s paroissiales autour d&rsquo;un<br>m\u00eame objectif: C\u00e9l\u00e9brer et faire \u00e9glise ensemble! S&rsquo;unir dans la pri\u00e8re et<br>dans le plaisir afin de poursuivre le chemin trac\u00e9 par les membres<br>fondateurs de notre paroisse.<br><\/p>\n\n\n\n<p>Si nous sommes r\u00e9unis ici aujourd&rsquo;hui, c&rsquo;est qu&rsquo;il y a eu un avant. Des<br>paroissiens, paroissiennes qui ont cru \u00e0 un avenir pour une paroisse<br>catholique francophone dans l&rsquo;ouest de la ville et qui ont donn\u00e9 de leur<br>temps, leurs talents et leurs dons. Beaucoup de ceux-ci sont encore avec<br>nous aujourd&rsquo;hui et continuent \u00e0 rendre service.<br><\/p>\n\n\n\n<p>L&rsquo;unicit\u00e9 de notre paroisse se d\u00e9marque par l&rsquo;\u00e9tendue de son territoire,<br>son caract\u00e8re multiculturel, interg\u00e9n\u00e9rationnel, culturel et spirituel. La<br>foi des paroissiens, paroissiens, d&rsquo;hier \u00e0 aujourd&rsquo;hui est l&rsquo;\u00e9l\u00e9ment<br>d\u00e9terminant qui soutient les murs de cette \u00c9glise.<br><\/p>\n\n\n\n<p>La paroisse a \u00e9t\u00e9 saisie d\u00e8s le d\u00e9but de l&rsquo;ann\u00e9e du besoin financier pour<br>rencontrer les d\u00e9penses usuelles et urgentes. Gr\u00e2ce \u00e0 votre g\u00e9n\u00e9rosit\u00e9,<br>cette demande a \u00e9t\u00e9 g\u00e9n\u00e9reusement combl\u00e9e. Tout comme dans les premi\u00e8res<br>ann\u00e9es de la paroisse, les fid\u00e8les se sont retrouss\u00e9s les manches et ont<br>r\u00e9pondu OUI \u00e0 cet appel et continueront encore \u00e0 le faire, nous en sommes<br>convaincus. Car la foi et le d\u00e9sir de conserver ce joyau dans l&rsquo;ouest de la<br>Ville sont impr\u00e9gn\u00e9s dans les coeurs des fid\u00e8les de Saint-Remi.<br>Et c&rsquo;est avec foi et confiance que nous pouvons envisager un avenir<br>prometteur pour notre paroisse gr\u00e2ce \u00e0 vous tous et toutes, fid\u00e8les de<br>Saint-Remi.<br><\/p>\n\n\n\n<p>Nous avons donc donc choisi de terminer cette ann\u00e9e jubilaire avec immense<br>gratitude pour tous ces beaux moments v\u00e9cus au cours de l&rsquo;ann\u00e9e ainsi que<br>pour les innonbrables bienfaits re\u00e7us depuis sa fondation. Gratitude pour<br>tous les pasteurs qui nous ont accompagn\u00e9s dans la foi au fil des ans!<br>Gratitude pour tous les b\u00e9n\u00e9voles qui ont donn\u00e9 de leur temps afin de<br>conserver le tissu social et spirituel de la paroisse. Gratitude pour les<br>membres de la chorale qui par l\u2019animation sans pareil de nos c\u00e9l\u00e9brations<br>dominicales sollicitent notre participation \u00e0 la louange et le<br>recueillement. Gratitude pour ce dimanche et tous les dimanches qui nous<br>offre la joie de nous r\u00e9unir pour m\u00e9diter la Parole divine. Gratitude \u00e0<br>James Johnston qui va nous pr\u00e9senter dans quelques minutes une<br>r\u00e9trospective de l&rsquo;ann\u00e9e.<br><\/p>\n\n\n\n<p>Et dans l&rsquo;esp\u00e9rance de ne pas faiblir devant les obstacles et d&rsquo;\u00eatre<br>toujours plus d\u00e9termin\u00e9s \u00e0 vivre et \u00e0 t\u00e9moigner notre foi en J\u00e9sus-Christ<br>et enfin l&rsquo;esp\u00e9rance d&rsquo;une longue vie pour notre paroissse Saint-Remi<br><\/p>\n\n\n\n<p><strong>Bon 31 d\u00e9cembre! MERCI!<\/strong><\/p>\n","protected":false},"excerpt":{"rendered":"<p>\u00c7a fait quelques jours que j\u2019y pense. Quels mots utiliser pour rendregr\u00e2ce au Seigneur des beaux moments v\u00e9cus au sein de la paroisse au coursde cette ann\u00e9e jubilaire? Le 22 janvier 2023, l&rsquo;abb\u00e9 Jacques donnait le coup d&rsquo;envoi aux c\u00e9l\u00e9brationspour marquer le 60e anniversaire de la fondation de la paroisse Saint-Remi.Un comit\u00e9 compos\u00e9 de onze b\u00e9n\u00e9voles de la paroisse s&rsquo;est solidement engag\u00e9pour organiser des c\u00e9l\u00e9brations et des activit\u00e9s paroissiales autour d&rsquo;unm\u00eame objectif: C\u00e9l\u00e9brer et faire \u00e9glise ensemble! S&rsquo;unir dans la pri\u00e8re etdans le plaisir afin de poursuivre le chemin trac\u00e9 par les membresfondateurs de notre paroisse. Si nous sommes r\u00e9unis&#8230; <\/p>\n","protected":false},"author":2,"featured_media":0,"parent":0,"menu_order":0,"comment_status":"closed","ping_status":"closed","template":"","meta":{"_monsterinsights_skip_tracking":false,"_monsterinsights_sitenote_active":false,"_monsterinsights_sitenote_note":"","_monsterinsights_sitenote_category":0,"footnotes":""},"class_list":["post-2453","page","type-page","status-publish","hentry"],"_links":{"self":[{"href":"https:\/\/paroissesaintremi.ca\/index.php?rest_route=\/wp\/v2\/pages\/2453","targetHints":{"allow":["GET"]}}],"collection":[{"href":"https:\/\/paroissesaintremi.ca\/index.php?rest_route=\/wp\/v2\/pages"}],"about":[{"href":"https:\/\/paroissesaintremi.ca\/index.php?rest_route=\/wp\/v2\/types\/page"}],"author":[{"embeddable":true,"href":"https:\/\/paroissesaintremi.ca\/index.php?rest_route=\/wp\/v2\/users\/2"}],"replies":[{"embeddable":true,"href":"https:\/\/paroissesaintremi.ca\/index.php?rest_route=%2Fwp%2Fv2%2Fcomments&post=2453"}],"version-history":[{"count":3,"href":"https:\/\/paroissesaintremi.ca\/index.php?rest_route=\/wp\/v2\/pages\/2453\/revisions"}],"predecessor-version":[{"id":2456,"href":"https:\/\/paroissesaintremi.ca\/index.php?rest_route=\/wp\/v2\/pages\/2453\/revisions\/2456"}],"wp:attachment":[{"href":"https:\/\/paroissesaintremi.ca\/index.php?rest_route=%2Fwp%2Fv2%2Fmedia&parent=2453"}],"curies":[{"name":"wp","href":"https:\/\/api.w.org\/{rel}","templated":true}]}}