{"id":85,"date":"2021-06-30T20:49:26","date_gmt":"2021-07-01T00:49:26","guid":{"rendered":"https:\/\/paroissesaintremi2821.ca\/?page_id=85"},"modified":"2022-01-25T13:36:40","modified_gmt":"2022-01-25T18:36:40","slug":"accueil","status":"publish","type":"page","link":"https:\/\/paroissesaintremi.ca\/","title":{"rendered":"Accueil"},"content":{"rendered":"\n<p><\/p>\n\n\n<div id=\"pl-gb85-69d023629e4b1\"  class=\"panel-layout\" ><div id=\"pg-gb85-69d023629e4b1-0\"  class=\"panel-grid panel-has-style\" ><div class=\"panel-row-style panel-row-style-for-gb85-69d023629e4b1-0\" ><div id=\"pgc-gb85-69d023629e4b1-0-0\"  class=\"panel-grid-cell\" ><div id=\"panel-gb85-69d023629e4b1-0-0-0\" class=\"so-panel widget widget_text panel-first-child panel-last-child\" data-index=\"0\" ><div class=\"panel-widget-style panel-widget-style-for-gb85-69d023629e4b1-0-0-0\" ><h3 class=\"widget-title\">Consignes<\/h3>\t\t\t<div class=\"textwidget\"><p>Port du masque obligatoire durant les activit\u00e9s au sein de la paroisse. D\u00e9sinfection des mains \u00e0 l&rsquo;entr\u00e9e et Respect des 2 m\u00e8tres de distanciation sociale. Par ailleurs, l&rsquo;utilisation des toilettes est pour l&rsquo;instant interdite.<\/p>\n<p>&nbsp;<\/p>\n<\/div>\n\t\t<\/div><\/div><\/div><\/div><\/div><\/div>\n\n\n<div style=\"height:40px\" aria-hidden=\"true\" class=\"wp-block-spacer\"><\/div>\n\n\n\n<hr class=\"wp-block-separator is-style-wide\"\/>\n\n\n\n<div style=\"height:40px\" aria-hidden=\"true\" class=\"wp-block-spacer\"><\/div>\n\n\n<div id=\"pl-gb85-69d023629f34f\"  class=\"panel-layout\" ><div id=\"pg-gb85-69d023629f34f-0\"  class=\"panel-grid panel-has-style\" ><div class=\"panel-row-style panel-row-style-for-gb85-69d023629f34f-0\" ><div id=\"pgc-gb85-69d023629f34f-0-0\"  class=\"panel-grid-cell\" ><div id=\"panel-gb85-69d023629f34f-0-0-0\" class=\"so-panel widget widget_text panel-first-child panel-last-child\" data-index=\"0\" ><div class=\"panel-widget-style panel-widget-style-for-gb85-69d023629f34f-0-0-0\" ><h3 class=\"widget-title\">Message du C.A.T.<\/h3>\t\t\t<div class=\"textwidget\"><p>Notre C.A.T. (comit\u00e9 des affaires temporelles) qui s\u2019occupe des finances de notre paroisse tient \u00e0 remercier tous nos paroissiens et paroissiennes qui continuent de supporter financi\u00e8rement notre paroisse par ces temps de pand\u00e9mie. Depuis la mi-mars 2020, les qu\u00eates, les recettes pouvant provenir de nos organisations paroissiales, des locations sont soudainement nulles ou consid\u00e9rablement r\u00e9duites.. Nos finances sont \u00e0 la baisse.<br \/>\nNous avons r\u00e9duit nos d\u00e9penses au minimum en annulant des commandes \u00e0 venir, des travaux de r\u00e9parations qui devaient \u00eatre faits. Malgr\u00e9 ces mesures, en g\u00e9n\u00e9ral, nos revenus sont\u00a0plus bas. Toutes les d\u00e9penses r\u00e9currentes pour l\u2019entretien de l\u2019\u00e9glise doivent cependant continuer et les factures, semblent-elles, sont immunis\u00e9es contre le COVID-19.<br \/>\nNous comprenons que la p\u00e9riode est remplie d\u2019incertitude et peut-\u00eatre certains paroissiens vivent avec des pertes de revenus. Si, par contre, vous en avez les moyens, votre soutien financier continu et r\u00e9gulier serait tr\u00e8s appr\u00e9ci\u00e9.<br \/>\n<strong><em>Comment puis-je acheminer mes dons \u00e0 la paroisse pendant cette p\u00e9riode de confinement?<\/em><\/strong>\u00a0Les options sont d\u00e9crites sur notre site web, si vous cliquez sur : \u00ab Faire un don \u00bb ici m\u00eame sur la page d\u2019accueil sous LIENS.<\/p>\n<p>Merci \u00e0 vous tous,\u00a0\u00a0<em>Le C.A.T.\u00a0<\/em><\/p>\n<\/div>\n\t\t<\/div><\/div><\/div><\/div><\/div><\/div>\n\n\n<hr class=\"wp-block-separator is-style-wide\"\/>\n\n\n\n<p><\/p>\n","protected":false},"excerpt":{"rendered":"","protected":false},"author":1,"featured_media":254,"parent":0,"menu_order":0,"comment_status":"closed","ping_status":"closed","template":"","meta":{"_monsterinsights_skip_tracking":false,"_monsterinsights_sitenote_active":false,"_monsterinsights_sitenote_note":"","_monsterinsights_sitenote_category":0,"footnotes":""},"class_list":["post-85","page","type-page","status-publish","has-post-thumbnail","hentry"],"_links":{"self":[{"href":"https:\/\/paroissesaintremi.ca\/index.php?rest_route=\/wp\/v2\/pages\/85","targetHints":{"allow":["GET"]}}],"collection":[{"href":"https:\/\/paroissesaintremi.ca\/index.php?rest_route=\/wp\/v2\/pages"}],"about":[{"href":"https:\/\/paroissesaintremi.ca\/index.php?rest_route=\/wp\/v2\/types\/page"}],"author":[{"embeddable":true,"href":"https:\/\/paroissesaintremi.ca\/index.php?rest_route=\/wp\/v2\/users\/1"}],"replies":[{"embeddable":true,"href":"https:\/\/paroissesaintremi.ca\/index.php?rest_route=%2Fwp%2Fv2%2Fcomments&post=85"}],"version-history":[{"count":46,"href":"https:\/\/paroissesaintremi.ca\/index.php?rest_route=\/wp\/v2\/pages\/85\/revisions"}],"predecessor-version":[{"id":623,"href":"https:\/\/paroissesaintremi.ca\/index.php?rest_route=\/wp\/v2\/pages\/85\/revisions\/623"}],"wp:featuredmedia":[{"embeddable":true,"href":"https:\/\/paroissesaintremi.ca\/index.php?rest_route=\/wp\/v2\/media\/254"}],"wp:attachment":[{"href":"https:\/\/paroissesaintremi.ca\/index.php?rest_route=%2Fwp%2Fv2%2Fmedia&parent=85"}],"curies":[{"name":"wp","href":"https:\/\/api.w.org\/{rel}","templated":true}]}}